{"id":1493,"date":"2024-11-20T11:59:26","date_gmt":"2024-11-20T11:59:26","guid":{"rendered":"https:\/\/www.jadrosped.hr\/?page_id=1493"},"modified":"2024-12-16T10:29:49","modified_gmt":"2024-12-16T10:29:49","slug":"vauceri-za-digitalizaciju","status":"publish","type":"page","link":"https:\/\/www.jadrosped.hr\/de\/vauceri-za-digitalizaciju\/","title":{"rendered":"Informatizacija poslovnih aktivnosti dru\u0161tva Jadro\u0161ped d.o.o."},"content":{"rendered":"<p>[vc_row bg_type=&#8220;bg_color&#8220; bg_override=&#8220;full&#8220; type=&#8220;vc_default&#8220; margin_top=&#8220;5&#8243; margin_bottom=&#8220;15&#8243; css=&#8220;.vc_custom_1648648308442{padding-top: 20px !important;padding-bottom: 20px !important;}&#8220; bg_color_value=&#8220;rgba(0,0,0,0.04)&#8220;][vc_column width=&#8220;2\/3&#8243; css=&#8220;.vc_custom_1732104254136{padding-right: 40px !important;padding-left: 40px !important;}&#8220;]<div id=\"ultimate-heading-901269f3776ce7ebf\" class=\"uvc-heading ult-adjust-bottom-margin ultimate-heading-901269f3776ce7ebf uvc-6084 accent-border-color\" data-hspacer=\"line_only\"  data-halign=\"left\" style=\"text-align:left\"><div class=\"uvc-main-heading ult-responsive\"  data-ultimate-target='.uvc-heading.ultimate-heading-901269f3776ce7ebf h2'  data-responsive-json-new='{\"font-size\":\"desktop:26px;\",\"line-height\":\"desktop:36px;\"}' ><h2 style=\"font-weight:bold;\">Vau\u010deri za digitalizaciju<\/h2><\/div><div class=\"uvc-heading-spacer line_only\" style=\"margin-top:15px;margin-bottom:40px;height:17px;\"><span class=\"uvc-headings-line\" style=\"border-style:solid;border-bottom-width:17px;border-color:;width:50px;\"><\/span><\/div><div class=\"uvc-sub-heading ult-responsive\"  data-ultimate-target='.uvc-heading.ultimate-heading-901269f3776ce7ebf .uvc-sub-heading '  data-responsive-json-new='{\"font-size\":\"\",\"line-height\":\"\"}'  style=\"font-weight:normal;\">U sklopu Poziva \u201eVau\u010deri za digitalizaciju\u201c uspje\u0161no je proveden projekt <strong>\u201eInformatizacija poslovnih aktivnosti dru\u0161tva Jadro\u0161ped d.o.o.\u201c<\/strong> Kod projekta: NPOO.C1.1.2.R3-I2.01-V5.0403.<\/p>\n<p>&nbsp;<\/p>\n<p>Ukupna vrijednost projekta je 23.450,00 EUR, dok su ukupni prihvatljivi tro\u0161kovi iznosili 18.760,00 EUR. Ukupan iznos bespovratnih sredstava je 11.256,00 EUR, a sredstva korisnika 12.194,00 EUR. Projekt je proveden u razdoblju od 15.02.2024. do 28.11.2024.<\/p>\n<p>&nbsp;<\/p>\n<p><strong>Cilj projekta<\/strong> bio je digitalizirati i modernizirati poslovanje tvrtke implementacijom sustava Apross, koji omogu\u0107uje upravljanje svim aspektima poslovanja. Novim sustavom postignuta je transparentnost u procesima logistike, nabave, prodaje, dokumentacije, izvje\u0161tavanja, financija i drugih klju\u010dnih poslovnih aktivnosti.<\/p>\n<p>&nbsp;<\/p>\n<p><strong>Rezultat projekta<\/strong> je jedinstveni sustav i baza podataka za upravljanje i pra\u0107enje poslovanja, \u010dime se osigurava daljnji rast i razvoj dru\u0161tva te pove\u0107ava njegova konkurentnost i otpornost kroz primjenu digitalnih tehnologija.<\/p>\n<p>&nbsp;<\/p>\n<p><em><strong>Financira Europska unija NextGenerationEU<\/strong>. Izneseni stavovi i mi\u0161ljenja samo su autorova i ne odra\u017eavaju nu\u017eno slu\u017ebena stajali\u0161ta Europske unije ili Europske komisije. Ni Europska unija ni Europska komisija ne mogu se smatrati odgovornima za njih.\u201d<\/em><\/div><\/div>[\/vc_column][vc_column width=&#8220;1\/3&#8243;][vc_single_image image=&#8220;1489&#8243; img_size=&#8220;300&#215;85&#8243;][\/vc_column][\/vc_row][vc_row bg_type=&#8220;bg_color&#8220; bg_override=&#8220;full&#8220; bg_color_value=&#8220;rgba(0,0,0,0.04)&#8220;][vc_column]<div class=\"ult-spacer spacer-69f3776ce7efe\" data-id=\"69f3776ce7efe\" data-height=\"50\" data-height-mobile=\"30\" data-height-tab=\"50\" data-height-tab-portrait=\"50\" data-height-mobile-landscape=\"30\" style=\"clear:both;display:block;\"><\/div>[\/vc_column][\/vc_row]<\/p>\n","protected":false},"excerpt":{"rendered":"<p>[vc_row bg_type=&#8220;bg_color&#8220; bg_override=&#8220;full&#8220; type=&#8220;vc_default&#8220; margin_top=&#8220;5&#8243; margin_bottom=&#8220;15&#8243; css=&#8220;.vc_custom_1648648308442{padding-top: 20px !important;padding-bottom: 20px !important;}&#8220; bg_color_value=&#8220;rgba(0,0,0,0.04)&#8220;][vc_column width=&#8220;2\/3&#8243; css=&#8220;.vc_custom_1732104254136{padding-right: 40px !important;padding-left: 40px !important;}&#8220;][\/vc_column][vc_column width=&#8220;1\/3&#8243;][vc_single_image image=&#8220;1489&#8243; img_size=&#8220;300&#215;85&#8243;][\/vc_column][\/vc_row][vc_row bg_type=&#8220;bg_color&#8220; bg_override=&#8220;full&#8220; bg_color_value=&#8220;rgba(0,0,0,0.04)&#8220;][vc_column][\/vc_column][\/vc_row]<\/p>\n","protected":false},"author":1,"featured_media":0,"parent":0,"menu_order":1,"comment_status":"closed","ping_status":"closed","template":"","meta":{"footnotes":""},"class_list":["post-1493","page","type-page","status-publish","hentry","description-off"],"yoast_head":"<!-- This site is optimized with the Yoast SEO plugin v24.0 - https:\/\/yoast.com\/wordpress\/plugins\/seo\/ -->\n<title>Vau\u010deri za digitalizaciju - Jadro\u0161ped d.o.o.<\/title>\n<meta name=\"description\" content=\"U sklopu Poziva \u201eVau\u010deri za digitalizaciju\u201c uspje\u0161no je proveden projekt \u201eInformatizacija poslovnih aktivnosti dru\u0161tva Jadro\u0161ped d.o.o.\u201c.\" \/>\n<meta name=\"robots\" content=\"index, follow, max-snippet:-1, max-image-preview:large, max-video-preview:-1\" \/>\n<link rel=\"canonical\" href=\"https:\/\/www.jadrosped.hr\/vauceri-za-digitalizaciju\/\" \/>\n<meta property=\"og:locale\" content=\"de_DE\" \/>\n<meta property=\"og:type\" content=\"article\" \/>\n<meta property=\"og:title\" content=\"Vau\u010deri za digitalizaciju - Jadro\u0161ped d.o.o.\" \/>\n<meta property=\"og:description\" content=\"U sklopu Poziva \u201eVau\u010deri za digitalizaciju\u201c uspje\u0161no je proveden projekt \u201eInformatizacija poslovnih aktivnosti dru\u0161tva Jadro\u0161ped d.o.o.\u201c.\" \/>\n<meta property=\"og:url\" content=\"https:\/\/www.jadrosped.hr\/vauceri-za-digitalizaciju\/\" \/>\n<meta property=\"og:site_name\" content=\"Jadrosped\" \/>\n<meta property=\"article:modified_time\" content=\"2024-12-16T10:29:49+00:00\" \/>\n<meta name=\"twitter:card\" content=\"summary_large_image\" \/>\n<meta name=\"twitter:label1\" content=\"Gesch\u00e4tzte Lesezeit\" \/>\n\t<meta name=\"twitter:data1\" content=\"2\u00a0Minuten\" \/>\n<script type=\"application\/ld+json\" class=\"yoast-schema-graph\">{\"@context\":\"https:\/\/schema.org\",\"@graph\":[{\"@type\":\"WebPage\",\"@id\":\"https:\/\/www.jadrosped.hr\/vauceri-za-digitalizaciju\/\",\"url\":\"https:\/\/www.jadrosped.hr\/vauceri-za-digitalizaciju\/\",\"name\":\"Vau\u010deri za digitalizaciju - Jadro\u0161ped d.o.o.\",\"isPartOf\":{\"@id\":\"https:\/\/www.jadrosped.hr\/#website\"},\"datePublished\":\"2024-11-20T11:59:26+00:00\",\"dateModified\":\"2024-12-16T10:29:49+00:00\",\"description\":\"U sklopu Poziva \u201eVau\u010deri za digitalizaciju\u201c uspje\u0161no je proveden projekt \u201eInformatizacija poslovnih aktivnosti dru\u0161tva Jadro\u0161ped d.o.o.\u201c.\",\"breadcrumb\":{\"@id\":\"https:\/\/www.jadrosped.hr\/vauceri-za-digitalizaciju\/#breadcrumb\"},\"inLanguage\":\"de\",\"potentialAction\":[{\"@type\":\"ReadAction\",\"target\":[\"https:\/\/www.jadrosped.hr\/vauceri-za-digitalizaciju\/\"]}]},{\"@type\":\"BreadcrumbList\",\"@id\":\"https:\/\/www.jadrosped.hr\/vauceri-za-digitalizaciju\/#breadcrumb\",\"itemListElement\":[{\"@type\":\"ListItem\",\"position\":1,\"name\":\"Home\",\"item\":\"https:\/\/www.jadrosped.hr\/\"},{\"@type\":\"ListItem\",\"position\":2,\"name\":\"Informatizacija poslovnih aktivnosti dru\u0161tva Jadro\u0161ped d.o.o.\"}]},{\"@type\":\"WebSite\",\"@id\":\"https:\/\/www.jadrosped.hr\/#website\",\"url\":\"https:\/\/www.jadrosped.hr\/\",\"name\":\"Jadrosped\",\"description\":\"Me\u0111unarodna \u0161pedicija\",\"potentialAction\":[{\"@type\":\"SearchAction\",\"target\":{\"@type\":\"EntryPoint\",\"urlTemplate\":\"https:\/\/www.jadrosped.hr\/?s={search_term_string}\"},\"query-input\":{\"@type\":\"PropertyValueSpecification\",\"valueRequired\":true,\"valueName\":\"search_term_string\"}}],\"inLanguage\":\"de\"}]}<\/script>\n<!-- \/ Yoast SEO plugin. -->","yoast_head_json":{"title":"Vau\u010deri za digitalizaciju - Jadro\u0161ped d.o.o.","description":"U sklopu Poziva \u201eVau\u010deri za digitalizaciju\u201c uspje\u0161no je proveden projekt \u201eInformatizacija poslovnih aktivnosti dru\u0161tva Jadro\u0161ped d.o.o.\u201c.","robots":{"index":"index","follow":"follow","max-snippet":"max-snippet:-1","max-image-preview":"max-image-preview:large","max-video-preview":"max-video-preview:-1"},"canonical":"https:\/\/www.jadrosped.hr\/vauceri-za-digitalizaciju\/","og_locale":"de_DE","og_type":"article","og_title":"Vau\u010deri za digitalizaciju - Jadro\u0161ped d.o.o.","og_description":"U sklopu Poziva \u201eVau\u010deri za digitalizaciju\u201c uspje\u0161no je proveden projekt \u201eInformatizacija poslovnih aktivnosti dru\u0161tva Jadro\u0161ped d.o.o.\u201c.","og_url":"https:\/\/www.jadrosped.hr\/vauceri-za-digitalizaciju\/","og_site_name":"Jadrosped","article_modified_time":"2024-12-16T10:29:49+00:00","twitter_card":"summary_large_image","twitter_misc":{"Gesch\u00e4tzte Lesezeit":"2\u00a0Minuten"},"schema":{"@context":"https:\/\/schema.org","@graph":[{"@type":"WebPage","@id":"https:\/\/www.jadrosped.hr\/vauceri-za-digitalizaciju\/","url":"https:\/\/www.jadrosped.hr\/vauceri-za-digitalizaciju\/","name":"Vau\u010deri za digitalizaciju - Jadro\u0161ped d.o.o.","isPartOf":{"@id":"https:\/\/www.jadrosped.hr\/#website"},"datePublished":"2024-11-20T11:59:26+00:00","dateModified":"2024-12-16T10:29:49+00:00","description":"U sklopu Poziva \u201eVau\u010deri za digitalizaciju\u201c uspje\u0161no je proveden projekt \u201eInformatizacija poslovnih aktivnosti dru\u0161tva Jadro\u0161ped d.o.o.\u201c.","breadcrumb":{"@id":"https:\/\/www.jadrosped.hr\/vauceri-za-digitalizaciju\/#breadcrumb"},"inLanguage":"de","potentialAction":[{"@type":"ReadAction","target":["https:\/\/www.jadrosped.hr\/vauceri-za-digitalizaciju\/"]}]},{"@type":"BreadcrumbList","@id":"https:\/\/www.jadrosped.hr\/vauceri-za-digitalizaciju\/#breadcrumb","itemListElement":[{"@type":"ListItem","position":1,"name":"Home","item":"https:\/\/www.jadrosped.hr\/"},{"@type":"ListItem","position":2,"name":"Informatizacija poslovnih aktivnosti dru\u0161tva Jadro\u0161ped d.o.o."}]},{"@type":"WebSite","@id":"https:\/\/www.jadrosped.hr\/#website","url":"https:\/\/www.jadrosped.hr\/","name":"Jadrosped","description":"Me\u0111unarodna \u0161pedicija","potentialAction":[{"@type":"SearchAction","target":{"@type":"EntryPoint","urlTemplate":"https:\/\/www.jadrosped.hr\/?s={search_term_string}"},"query-input":{"@type":"PropertyValueSpecification","valueRequired":true,"valueName":"search_term_string"}}],"inLanguage":"de"}]}},"_links":{"self":[{"href":"https:\/\/www.jadrosped.hr\/de\/wp-json\/wp\/v2\/pages\/1493","targetHints":{"allow":["GET"]}}],"collection":[{"href":"https:\/\/www.jadrosped.hr\/de\/wp-json\/wp\/v2\/pages"}],"about":[{"href":"https:\/\/www.jadrosped.hr\/de\/wp-json\/wp\/v2\/types\/page"}],"author":[{"embeddable":true,"href":"https:\/\/www.jadrosped.hr\/de\/wp-json\/wp\/v2\/users\/1"}],"replies":[{"embeddable":true,"href":"https:\/\/www.jadrosped.hr\/de\/wp-json\/wp\/v2\/comments?post=1493"}],"version-history":[{"count":5,"href":"https:\/\/www.jadrosped.hr\/de\/wp-json\/wp\/v2\/pages\/1493\/revisions"}],"predecessor-version":[{"id":1515,"href":"https:\/\/www.jadrosped.hr\/de\/wp-json\/wp\/v2\/pages\/1493\/revisions\/1515"}],"wp:attachment":[{"href":"https:\/\/www.jadrosped.hr\/de\/wp-json\/wp\/v2\/media?parent=1493"}],"curies":[{"name":"wp","href":"https:\/\/api.w.org\/{rel}","templated":true}]}}